{"id":3768,"date":"2025-12-16T10:23:11","date_gmt":"2025-12-16T10:23:11","guid":{"rendered":"https:\/\/tortiteca.com\/?page_id=3768"},"modified":"2025-12-16T10:32:41","modified_gmt":"2025-12-16T10:32:41","slug":"3768-2","status":"publish","type":"page","link":"https:\/\/tortiteca.com\/en\/3768-2\/","title":{"rendered":"Pol\u00edtica de Privacidad"},"content":{"rendered":"<div class=\"wp-block-uagb-container uagb-block-5322c035 alignfull uagb-is-root-container\"><div class=\"uagb-container-inner-blocks-wrap\">\n<div class=\"wp-block-uagb-container uagb-block-6037b3a8\">\n<div style=\"height:60px\" aria-hidden=\"true\" class=\"wp-block-spacer\"><\/div>\n\n\n\n<div class=\"wp-block-group is-vertical is-layout-flex wp-container-core-group-is-layout-fe9cc265 wp-block-group-is-layout-flex\">\n<h1 class=\"wp-block-heading has-black-color has-text-color has-link-color wp-elements-d48d110cfccc1e594c732094b5dd215b\" style=\"font-size:90px;font-style:normal;font-weight:900;letter-spacing:-5px;line-height:1\">Pol\u00edtica de Privacidad<\/h1>\n\n\n\n<p><strong>Associaci\u00f3 La Tortiteca<\/strong><br>Por favor, lee con atenci\u00f3n la presente pol\u00edtica de privacidad y, en caso de duda, ponte en contacto con nosotras.<\/p>\n<\/div>\n\n\n\n<div style=\"height:60px\" aria-hidden=\"true\" class=\"wp-block-spacer\"><\/div>\n\n\n\n<div class=\"wp-block-group is-vertical is-layout-flex wp-container-core-group-is-layout-fb7bab95 wp-block-group-is-layout-flex\" style=\"margin-top:0;margin-bottom:0;padding-right:var(--wp--preset--spacing--20);padding-left:var(--wp--preset--spacing--20)\">\n<h5 class=\"wp-block-heading\">1. \u00bfQui\u00e9n trata tus datos personales? Responsable del tratamiento<\/h5>\n\n\n\n<p>El tratamiento de tus datos personales, en el contexto del uso de la p\u00e1gina web de La Tortiteca, lo llevamos a cabo las personas que conformamos la asociaci\u00f3n:<\/p>\n\n\n\n<p><strong>Associaci\u00f3 La Tortiteca<\/strong><br>CIF: G22669675<br>Passeig Maragall 129<br>08041, Barcelona<br>\ud83d\udce7 <a>hola@tortiteca.com<\/a><\/p>\n<\/div>\n\n\n\n<div style=\"height:60px\" aria-hidden=\"true\" class=\"wp-block-spacer\"><\/div>\n\n\n\n<div class=\"wp-block-group is-vertical is-layout-flex wp-container-core-group-is-layout-5ee61f30 wp-block-group-is-layout-flex\" style=\"padding-right:var(--wp--preset--spacing--20);padding-left:var(--wp--preset--spacing--20)\">\n<h5 class=\"wp-block-heading\">2. \u00bfQu\u00e9 datos personales tratamos? \u00bfDe d\u00f3nde los obtenemos?<\/h5>\n\n\n\n<p>Tratamos los datos personales que nos proporciona la <strong>persona usuaria<\/strong> directamente a trav\u00e9s de los formularios disponibles en nuestra p\u00e1gina web, concretamente:<\/p>\n\n\n\n<ul class=\"wp-block-list\">\n<li>Nombre<\/li>\n\n\n\n<li>Direcci\u00f3n de correo electr\u00f3nico<\/li>\n<\/ul>\n\n\n\n<p>Adem\u00e1s, tratamos datos agregados a trav\u00e9s de <strong>cookies de an\u00e1lisis<\/strong> para fines estad\u00edsticos y de mejora de la experiencia de usuario, siempre que la persona usuaria haya otorgado su consentimiento.<\/p>\n\n\n\n<p>Para m\u00e1s informaci\u00f3n sobre las cookies que utilizamos y c\u00f3mo gestionarlas, puedes consultar nuestra <strong>Pol\u00edtica de Cookies<\/strong>.<\/p>\n<\/div>\n\n\n\n<div style=\"height:60px\" aria-hidden=\"true\" class=\"wp-block-spacer\"><\/div>\n\n\n\n<div class=\"wp-block-group is-vertical is-layout-flex wp-container-core-group-is-layout-5ee61f30 wp-block-group-is-layout-flex\" style=\"padding-right:var(--wp--preset--spacing--20);padding-left:var(--wp--preset--spacing--20)\">\n<h4 class=\"wp-block-heading\">3. \u00bfPara qu\u00e9 tratamos los datos personales? Finalidad y base legitimadora<\/h4>\n\n\n\n<p>Como <strong>persona usuaria<\/strong> de nuestra p\u00e1gina web, tratamos sus datos personales \u00fanicamente para las siguientes finalidades:<\/p>\n\n\n\n<p><strong>a)<\/strong> Gestionar las solicitudes, consultas o comunicaciones que la <strong>persona usuaria<\/strong> nos env\u00ede a trav\u00e9s de los formularios del sitio web.<br>En dichos formularios se indican como obligatorios \u00fanicamente los datos estrictamente necesarios para poder atender la solicitud.<\/p>\n\n\n\n<p><strong>b)<\/strong> Enviar comunicaciones relacionadas con las actividades, proyectos y novedades de La Tortiteca, en caso de que la <strong>persona usuaria<\/strong> se haya suscrito a nuestra newsletter.<\/p>\n\n\n\n<p><strong>c)<\/strong> Analizar el uso de la web mediante cookies de an\u00e1lisis para mejorar la experiencia de la <strong>persona usuaria<\/strong> y el contenido ofrecido.<\/p>\n\n\n\n<p>La base legal para el tratamiento de los datos personales es el <strong>consentimiento<\/strong> de la <strong>persona usuaria<\/strong>, que nos otorga al enviar el formulario correspondiente, al marcar la casilla habilitada para la recepci\u00f3n de comunicaciones y al aceptar el uso de cookies de an\u00e1lisis.<\/p>\n\n\n\n<p>En cualquier momento la <strong>persona usuaria<\/strong> puede retirar su consentimiento y solicitar que dejemos de enviar comunicaciones o de tratar sus datos con esta finalidad.<\/p>\n<\/div>\n\n\n\n<div style=\"height:60px\" aria-hidden=\"true\" class=\"wp-block-spacer\"><\/div>\n\n\n\n<div class=\"wp-block-group is-vertical is-layout-flex wp-container-core-group-is-layout-fb7bab95 wp-block-group-is-layout-flex\" style=\"margin-top:0;margin-bottom:0;padding-right:var(--wp--preset--spacing--20);padding-left:var(--wp--preset--spacing--20)\">\n<h5 class=\"wp-block-heading\">4. Destinatarias de los datos<\/h5>\n\n\n\n<p>Aparte de las personas vinculadas a La Tortiteca que participan en el tratamiento de los datos y en base al consentimiento de la <strong>persona usuaria<\/strong>, no se ceder\u00e1n datos personales a terceras personas, excepto en los siguientes casos:<\/p>\n\n\n\n<ul class=\"wp-block-list\">\n<li><strong>Autoridades p\u00fablicas, jueces y tribunales<\/strong> cuando estemos legalmente obligadas.<\/li>\n\n\n\n<li><strong>Proveedores de servicios<\/strong> que colaboren en la gesti\u00f3n de la web, hosting o an\u00e1lisis, siempre garantizando el cumplimiento de la normativa de protecci\u00f3n de datos.<\/li>\n<\/ul>\n\n\n\n<p>No se llevar\u00e1n a cabo transferencias internacionales de datos fuera de la Uni\u00f3n Europea, salvo en los casos en que los proveedores aseguren un nivel de protecci\u00f3n adecuado.<\/p>\n<\/div>\n\n\n\n<div style=\"height:60px\" aria-hidden=\"true\" class=\"wp-block-spacer\"><\/div>\n\n\n\n<div class=\"wp-block-group is-vertical is-layout-flex wp-container-core-group-is-layout-fb7bab95 wp-block-group-is-layout-flex\" style=\"margin-top:0;margin-bottom:0;padding-right:var(--wp--preset--spacing--20);padding-left:var(--wp--preset--spacing--20)\">\n<h5 class=\"wp-block-heading\">5. Conservaci\u00f3n de los datos<\/h5>\n\n\n\n<p>Conservaremos los datos personales mientras la <strong>persona usuaria<\/strong> no comunique su baja de nuestras comunicaciones o retire su consentimiento.<\/p>\n\n\n\n<p>Tras ello, los datos personales se conservar\u00e1n de forma segura \u00fanicamente durante los plazos necesarios para cumplir con obligaciones legales o para la defensa de nuestros derechos ante posibles reclamaciones.<\/p>\n<\/div>\n\n\n\n<div style=\"height:60px\" aria-hidden=\"true\" class=\"wp-block-spacer\"><\/div>\n\n\n\n<div class=\"wp-block-group is-vertical is-layout-flex wp-container-core-group-is-layout-fc8b834f wp-block-group-is-layout-flex\" style=\"padding-top:0;padding-right:var(--wp--preset--spacing--20);padding-bottom:0;padding-left:var(--wp--preset--spacing--20)\">\n<h5 class=\"wp-block-heading\">6. Derechos en materia de protecci\u00f3n de datos<\/h5>\n\n\n\n<p>La <strong>persona usuaria<\/strong> podr\u00e1 ejercitar los derechos siguientes bajo la normativa aplicable de protecci\u00f3n de datos poni\u00e9ndose en contacto a trav\u00e9s de <strong><a>hola@tortiteca.com<\/a><\/strong><\/p>\n\n\n\n<ul class=\"wp-block-list\">\n<li><strong>Acceso<\/strong>: Derecho a confirmar si estamos tratando sus datos y, en su caso, a solicitar acceso a los mismos.<\/li>\n\n\n\n<li><strong>Rectificaci\u00f3n<\/strong>: Derecho a solicitar la correcci\u00f3n de datos inexactos o incompletos.<\/li>\n\n\n\n<li><strong>Supresi\u00f3n<\/strong>: Derecho a pedir la eliminaci\u00f3n de los datos cuando ya no sean necesarios.<\/li>\n\n\n\n<li><strong>Limitaci\u00f3n del tratamiento<\/strong>: Derecho a solicitar que se limite el tratamiento en determinados casos.<\/li>\n\n\n\n<li><strong>Oposici\u00f3n<\/strong>: Derecho a oponerse al tratamiento por motivos relacionados con su situaci\u00f3n particular.<\/li>\n\n\n\n<li><strong>Portabilidad<\/strong>: Derecho a recibir sus datos en un formato estructurado y de uso com\u00fan y transmitirlos a otro responsable.<\/li>\n\n\n\n<li><strong>Revocaci\u00f3n del consentimiento<\/strong>: Derecho a retirar su consentimiento en cualquier momento.<\/li>\n<\/ul>\n\n\n\n<p>Asimismo, la <strong>persona usuaria<\/strong> puede dirigirse a la <strong>Agencia Espa\u00f1ola de Protecci\u00f3n de Datos<\/strong> (<a href=\"http:\/\/www.aepd.es\">www.aepd.es<\/a>) para plantear cualquier consulta o reclamaci\u00f3n en materia de protecci\u00f3n de datos.<\/p>\n<\/div>\n\n\n\n<div style=\"height:160px\" aria-hidden=\"true\" class=\"wp-block-spacer\"><\/div>\n<\/div>\n<\/div><\/div>\n\n\n\n<div class=\"wp-block-uagb-container uagb-block-a75471df alignfull uagb-is-root-container\">\n<div class=\"wp-block-group has-ast-global-color-8-background-color has-background is-vertical is-content-justification-center is-layout-flex wp-container-core-group-is-layout-ce155fab wp-block-group-is-layout-flex\">\n<div style=\"height:0px\" aria-hidden=\"true\" class=\"wp-block-spacer wp-container-content-c0740251\"><\/div>\n\n\n\n<ul class=\"wp-block-social-links has-icon-color is-style-logos-only is-content-justification-center is-layout-flex wp-container-core-social-links-is-layout-a89b3969 wp-block-social-links-is-layout-flex\"><li style=\"color: var(--ast-global-color-7); \" class=\"wp-social-link wp-social-link-instagram has-ast-global-color-7-color wp-block-social-link\"><a rel=\"noopener nofollow\" target=\"_blank\" href=\"https:\/\/www.instagram.com\/tortiteca.bcn\/\" class=\"wp-block-social-link-anchor\"><svg width=\"24\" height=\"24\" viewbox=\"0 0 24 24\" version=\"1.1\" xmlns=\"http:\/\/www.w3.org\/2000\/svg\" aria-hidden=\"true\" focusable=\"false\"><path d=\"M12,4.622c2.403,0,2.688,0.009,3.637,0.052c0.877,0.04,1.354,0.187,1.671,0.31c0.42,0.163,0.72,0.358,1.035,0.673 c0.315,0.315,0.51,0.615,0.673,1.035c0.123,0.317,0.27,0.794,0.31,1.671c0.043,0.949,0.052,1.234,0.052,3.637 s-0.009,2.688-0.052,3.637c-0.04,0.877-0.187,1.354-0.31,1.671c-0.163,0.42-0.358,0.72-0.673,1.035 c-0.315,0.315-0.615,0.51-1.035,0.673c-0.317,0.123-0.794,0.27-1.671,0.31c-0.949,0.043-1.233,0.052-3.637,0.052 s-2.688-0.009-3.637-0.052c-0.877-0.04-1.354-0.187-1.671-0.31c-0.42-0.163-0.72-0.358-1.035-0.673 c-0.315-0.315-0.51-0.615-0.673-1.035c-0.123-0.317-0.27-0.794-0.31-1.671C4.631,14.688,4.622,14.403,4.622,12 s0.009-2.688,0.052-3.637c0.04-0.877,0.187-1.354,0.31-1.671c0.163-0.42,0.358-0.72,0.673-1.035 c0.315-0.315,0.615-0.51,1.035-0.673c0.317-0.123,0.794-0.27,1.671-0.31C9.312,4.631,9.597,4.622,12,4.622 M12,3 C9.556,3,9.249,3.01,8.289,3.054C7.331,3.098,6.677,3.25,6.105,3.472C5.513,3.702,5.011,4.01,4.511,4.511 c-0.5,0.5-0.808,1.002-1.038,1.594C3.25,6.677,3.098,7.331,3.054,8.289C3.01,9.249,3,9.556,3,12c0,2.444,0.01,2.751,0.054,3.711 c0.044,0.958,0.196,1.612,0.418,2.185c0.23,0.592,0.538,1.094,1.038,1.594c0.5,0.5,1.002,0.808,1.594,1.038 c0.572,0.222,1.227,0.375,2.185,0.418C9.249,20.99,9.556,21,12,21s2.751-0.01,3.711-0.054c0.958-0.044,1.612-0.196,2.185-0.418 c0.592-0.23,1.094-0.538,1.594-1.038c0.5-0.5,0.808-1.002,1.038-1.594c0.222-0.572,0.375-1.227,0.418-2.185 C20.99,14.751,21,14.444,21,12s-0.01-2.751-0.054-3.711c-0.044-0.958-0.196-1.612-0.418-2.185c-0.23-0.592-0.538-1.094-1.038-1.594 c-0.5-0.5-1.002-0.808-1.594-1.038c-0.572-0.222-1.227-0.375-2.185-0.418C14.751,3.01,14.444,3,12,3L12,3z M12,7.378 c-2.552,0-4.622,2.069-4.622,4.622S9.448,16.622,12,16.622s4.622-2.069,4.622-4.622S14.552,7.378,12,7.378z M12,15 c-1.657,0-3-1.343-3-3s1.343-3,3-3s3,1.343,3,3S13.657,15,12,15z M16.804,6.116c-0.596,0-1.08,0.484-1.08,1.08 s0.484,1.08,1.08,1.08c0.596,0,1.08-0.484,1.08-1.08S17.401,6.116,16.804,6.116z\"><\/path><\/svg><span class=\"wp-block-social-link-label screen-reader-text\">Instagram<\/span><\/a><\/li>\n\n<li style=\"color: var(--ast-global-color-7); \" class=\"wp-social-link wp-social-link-mail has-ast-global-color-7-color wp-block-social-link\"><a rel=\"noopener nofollow\" target=\"_blank\" href=\"mailto:aldanafiandrino@gmail.com\" class=\"wp-block-social-link-anchor\"><svg width=\"24\" height=\"24\" viewbox=\"0 0 24 24\" version=\"1.1\" xmlns=\"http:\/\/www.w3.org\/2000\/svg\" aria-hidden=\"true\" focusable=\"false\"><path d=\"M19,5H5c-1.1,0-2,.9-2,2v10c0,1.1.9,2,2,2h14c1.1,0,2-.9,2-2V7c0-1.1-.9-2-2-2zm.5,12c0,.3-.2.5-.5.5H5c-.3,0-.5-.2-.5-.5V9.8l7.5,5.6,7.5-5.6V17zm0-9.1L12,13.6,4.5,7.9V7c0-.3.2-.5.5-.5h14c.3,0,.5.2.5.5v.9z\"><\/path><\/svg><span class=\"wp-block-social-link-label screen-reader-text\">Mail<\/span><\/a><\/li><\/ul>\n\n\n\n<p class=\"has-text-align-center has-ast-global-color-7-color has-text-color has-link-color has-medium-font-size wp-elements-58351d4daf8bb5c25c1bc8d7fcdacc52\"><strong>Get in touch <\/strong>You can write to us at: hola@tortiteca.com&nbsp;<\/p>\n\n\n\n<p class=\"has-text-align-center has-ast-global-color-7-color has-text-color has-link-color has-small-font-size wp-elements-ea49d9d0b529e5ddf2beac3511f291ed\">\u00a9 Tortiteca2025  | <a href=\"https:\/\/tortiteca.com\/en\/3768-2\/\" data-type=\"page\" data-id=\"3768\">Pol\u00edticas de Privacidad<\/a><\/p>\n\n\n\n<div style=\"height:0px\" aria-hidden=\"true\" class=\"wp-block-spacer wp-container-content-c0740251\"><\/div>\n<\/div>\n<\/div>","protected":false},"excerpt":{"rendered":"<p>Pol\u00edtica de Privacidad Associaci\u00f3 La TortitecaPor favor, lee con atenci\u00f3n la presente pol\u00edtica de privacidad y, en caso de duda, ponte en contacto con nosotras. 1. \u00bfQui\u00e9n trata tus datos personales? Responsable del tratamiento El tratamiento de tus datos personales, en el contexto del uso de la p\u00e1gina web de La Tortiteca, lo llevamos a [&hellip;]<\/p>","protected":false},"author":1,"featured_media":0,"parent":0,"menu_order":0,"comment_status":"closed","ping_status":"closed","template":"","meta":{"_uag_custom_page_level_css":"","site-sidebar-layout":"default","site-content-layout":"","ast-site-content-layout":"default","site-content-style":"default","site-sidebar-style":"default","ast-global-header-display":"","ast-banner-title-visibility":"","ast-main-header-display":"","ast-hfb-above-header-display":"","ast-hfb-below-header-display":"","ast-hfb-mobile-header-display":"","site-post-title":"disabled","ast-breadcrumbs-content":"","ast-featured-img":"","footer-sml-layout":"","theme-transparent-header-meta":"","adv-header-id-meta":"","stick-header-meta":"","header-above-stick-meta":"","header-main-stick-meta":"","header-below-stick-meta":"","astra-migrate-meta-layouts":"set","ast-page-background-enabled":"default","ast-page-background-meta":{"desktop":{"background-color":"","background-image":"","background-repeat":"repeat","background-position":"center center","background-size":"auto","background-attachment":"scroll","background-type":"","background-media":"","overlay-type":"","overlay-color":"","overlay-opacity":"","overlay-gradient":""},"tablet":{"background-color":"","background-image":"","background-repeat":"repeat","background-position":"center center","background-size":"auto","background-attachment":"scroll","background-type":"","background-media":"","overlay-type":"","overlay-color":"","overlay-opacity":"","overlay-gradient":""},"mobile":{"background-color":"","background-image":"","background-repeat":"repeat","background-position":"center center","background-size":"auto","background-attachment":"scroll","background-type":"","background-media":"","overlay-type":"","overlay-color":"","overlay-opacity":"","overlay-gradient":""}},"ast-content-background-meta":{"desktop":{"background-color":"var(--ast-global-color-5)","background-image":"","background-repeat":"repeat","background-position":"center center","background-size":"auto","background-attachment":"scroll","background-type":"","background-media":"","overlay-type":"","overlay-color":"","overlay-opacity":"","overlay-gradient":""},"tablet":{"background-color":"var(--ast-global-color-5)","background-image":"","background-repeat":"repeat","background-position":"center center","background-size":"auto","background-attachment":"scroll","background-type":"","background-media":"","overlay-type":"","overlay-color":"","overlay-opacity":"","overlay-gradient":""},"mobile":{"background-color":"var(--ast-global-color-5)","background-image":"","background-repeat":"repeat","background-position":"center center","background-size":"auto","background-attachment":"scroll","background-type":"","background-media":"","overlay-type":"","overlay-color":"","overlay-opacity":"","overlay-gradient":""}},"footnotes":""},"class_list":["post-3768","page","type-page","status-publish","hentry"],"uagb_featured_image_src":{"full":false,"thumbnail":false,"medium":false,"medium_large":false,"large":false,"1536x1536":false,"2048x2048":false,"trp-custom-language-flag":false},"uagb_author_info":{"display_name":"tortitecabcn@gmail.com","author_link":"https:\/\/tortiteca.com\/en\/author\/tortitecabcngmail-com\/"},"uagb_comment_info":0,"uagb_excerpt":"Pol\u00edtica de Privacidad Associaci\u00f3 La TortitecaPor favor, lee con atenci\u00f3n la presente pol\u00edtica de privacidad y, en caso de duda, ponte en contacto con nosotras. 1. \u00bfQui\u00e9n trata tus datos personales? Responsable del tratamiento El tratamiento de tus datos personales, en el contexto del uso de la p\u00e1gina web de La Tortiteca, lo llevamos a&hellip;","jetpack_sharing_enabled":true,"_links":{"self":[{"href":"https:\/\/tortiteca.com\/en\/wp-json\/wp\/v2\/pages\/3768","targetHints":{"allow":["GET"]}}],"collection":[{"href":"https:\/\/tortiteca.com\/en\/wp-json\/wp\/v2\/pages"}],"about":[{"href":"https:\/\/tortiteca.com\/en\/wp-json\/wp\/v2\/types\/page"}],"author":[{"embeddable":true,"href":"https:\/\/tortiteca.com\/en\/wp-json\/wp\/v2\/users\/1"}],"replies":[{"embeddable":true,"href":"https:\/\/tortiteca.com\/en\/wp-json\/wp\/v2\/comments?post=3768"}],"version-history":[{"count":6,"href":"https:\/\/tortiteca.com\/en\/wp-json\/wp\/v2\/pages\/3768\/revisions"}],"predecessor-version":[{"id":3780,"href":"https:\/\/tortiteca.com\/en\/wp-json\/wp\/v2\/pages\/3768\/revisions\/3780"}],"wp:attachment":[{"href":"https:\/\/tortiteca.com\/en\/wp-json\/wp\/v2\/media?parent=3768"}],"curies":[{"name":"wp","href":"https:\/\/api.w.org\/{rel}","templated":true}]}}